{"id":142,"date":"2026-01-15T13:36:37","date_gmt":"2026-01-15T13:36:37","guid":{"rendered":"http:\/\/37.18.42.237:8080\/?page_id=142"},"modified":"2026-01-30T15:18:17","modified_gmt":"2026-01-30T15:18:17","slug":"competence","status":"publish","type":"page","link":"https:\/\/www.cylumine.fr\/index.php\/competence\/","title":{"rendered":"Comp\u00e9tence"},"content":{"rendered":"<div class=\"page-header\">\n<h2>Une comp\u00e9tence qui \u00e9volue<\/h2>\n<p>&nbsp;<\/p>\n<\/div>\n<div>\n<p><span class=\"arialBold\">Am\u00e9liorer la qualit\u00e9 de vie des Cergypontains<\/span><span class=\"arial\">\u00a0en dotant le territoire d\u2019un r\u00e9seau d\u2019\u00e9clairage public plus s\u00fbr, performant et respectueux de son environnement, tel est l\u2019objectif qu\u2019ont adopt\u00e9 les \u00e9lus communautaires. L\u2019enjeu est le suivant: r\u00e9habiliter 70 % du r\u00e9seau d&rsquo;\u00e9clairage public et 50 % des points lumineux de Cergy-Pontoise dans les cinq ann\u00e9es \u00e0 venir. En effet, ses r\u00e9seaux ont vu le jour lors de la conception de la ville nouvelle il y a 40 ans et<\/span><span class=\"arialBold\">\u00a0l&rsquo;heure de la r\u00e9habilitation a sonn\u00e9 !<\/span><\/p>\n<p>Apr\u00e8s des ann\u00e9es pass\u00e9es \u00e0 r\u00e9pondre aux urgences, via des march\u00e9s publics successifs, sans pouvoir r\u00e9soudre le probl\u00e8me de v\u00e9tust\u00e9 g\u00e9n\u00e9rale du r\u00e9seau, les \u00e9lus ont r\u00e9fl\u00e9chi \u00e0 une solution p\u00e9renne. S\u2019est alors pos\u00e9e la question du p\u00e9rim\u00e8tre d\u2019intervention.<\/p>\n<table border=\"0\" cellspacing=\"0\" cellpadding=\"2\">\n<tbody>\n<tr>\n<td valign=\"top\" width=\"70%\" height=\"232\"><span class=\"arial\">En effet, la Communaut\u00e9 d&rsquo;agglom\u00e9ration n\u2019\u00e9tait en charge que de la moiti\u00e9 du r\u00e9seau d&rsquo;\u00e9clairage, essentiellement sur le territoire de l\u2019ancienne Ville Nouvelle, l\u2019autre moiti\u00e9 relevant des communes. Pour envisager une r\u00e9habilitation et renforcer la lisibilit\u00e9 de l\u2019intervention publique en mati\u00e8re d\u2019\u00e9clairage, mais aussi permettre une gestion unique et performante de ce service public, les \u00e9lus communautaires se sont prononc\u00e9s :<br \/>\n<img loading=\"lazy\" decoding=\"async\" src=\"https:\/\/www.cylumine.fr\/img\/puce1.png\" width=\"13\" height=\"11\" border=\"0\" \/>\u00a0\u00a0le\u00a0<span class=\"arialBold\">14 d\u00e9cembre 2010\u00a0<\/span>sur le transfert de la comp\u00e9tence \u00e9clairage public \u00e0 la Communaut\u00e9 d\u2019agglom\u00e9ration ;<br \/>\n<img loading=\"lazy\" decoding=\"async\" src=\"https:\/\/www.cylumine.fr\/img\/puce1.png\" width=\"13\" height=\"11\" border=\"0\" \/>\u00a0\u00a0le\u00a0<span class=\"arialBold\">28 juin 2011 sur le recours au contrat de partenariat public\/ priv\u00e9<\/span>\u00a0en vue du financement, de la conception et r\u00e9alisation des travaux, de la gestion \u00e9nerg\u00e9tique, de la maintenance \u00e0 garantie de r\u00e9sultat et de l&rsquo;exploitation des installations d\u2019\u00e9clairage public. L&rsquo;objectif est d&rsquo;<span class=\"arialBold\">apporter une r\u00e9ponse rapide et perenne aux dysfonctionnements du r\u00e9seau d&rsquo;\u00e9clairage urbain<\/span>\u00a0tout en assurant une coh\u00e9rence dans les interventions et une\u00a0<span class=\"arialBold\">garantie de r\u00e9sultat<\/span>\u00a0de la part des futures entreprises.<\/span><\/td>\n<td align=\"right\" valign=\"middle\"><img loading=\"lazy\" decoding=\"async\" src=\"https:\/\/www.cylumine.fr\/img\/saia1.jpg\" width=\"300\" height=\"226\" border=\"1\" \/><\/td>\n<\/tr>\n<\/tbody>\n<\/table>\n<p><span class=\"arial\"><br \/>\nDepuis le 1er juillet 2012, l\u2019agglom\u00e9ration est donc en charge de la gestion, de l\u2019exploitation, du renouvellement et de l&rsquo;extension du r\u00e9seau public des 13 communes et de ses 30 000 points lumineux.<br \/>\n<\/span><\/p>\n<\/div>\n","protected":false},"excerpt":{"rendered":"<p>Une comp\u00e9tence qui \u00e9volue &nbsp; Am\u00e9liorer la qualit\u00e9 de vie des Cergypontains\u00a0en dotant le territoire d\u2019un r\u00e9seau d\u2019\u00e9clairage public plus [&hellip;]<\/p>\n","protected":false},"author":1,"featured_media":577,"parent":0,"menu_order":0,"comment_status":"closed","ping_status":"closed","template":"","meta":{"site-sidebar-layout":"default","site-content-layout":"","ast-site-content-layout":"default","site-content-style":"default","site-sidebar-style":"default","ast-global-header-display":"","ast-banner-title-visibility":"","ast-main-header-display":"","ast-hfb-above-header-display":"","ast-hfb-below-header-display":"","ast-hfb-mobile-header-display":"","site-post-title":"","ast-breadcrumbs-content":"","ast-featured-img":"","footer-sml-layout":"","ast-disable-related-posts":"","theme-transparent-header-meta":"default","adv-header-id-meta":"","stick-header-meta":"","header-above-stick-meta":"","header-main-stick-meta":"","header-below-stick-meta":"","astra-migrate-meta-layouts":"set","ast-page-background-enabled":"default","ast-page-background-meta":{"desktop":{"background-color":"var(--ast-global-color-5)","background-image":"","background-repeat":"repeat","background-position":"center center","background-size":"auto","background-attachment":"scroll","background-type":"","background-media":"","overlay-type":"","overlay-color":"","overlay-opacity":"","overlay-gradient":""},"tablet":{"background-color":"","background-image":"","background-repeat":"repeat","background-position":"center center","background-size":"auto","background-attachment":"scroll","background-type":"","background-media":"","overlay-type":"","overlay-color":"","overlay-opacity":"","overlay-gradient":""},"mobile":{"background-color":"","background-image":"","background-repeat":"repeat","background-position":"center center","background-size":"auto","background-attachment":"scroll","background-type":"","background-media":"","overlay-type":"","overlay-color":"","overlay-opacity":"","overlay-gradient":""}},"ast-content-background-meta":{"desktop":{"background-color":"var(--ast-global-color-4)","background-image":"","background-repeat":"repeat","background-position":"center center","background-size":"auto","background-attachment":"scroll","background-type":"","background-media":"","overlay-type":"","overlay-color":"","overlay-opacity":"","overlay-gradient":""},"tablet":{"background-color":"var(--ast-global-color-4)","background-image":"","background-repeat":"repeat","background-position":"center center","background-size":"auto","background-attachment":"scroll","background-type":"","background-media":"","overlay-type":"","overlay-color":"","overlay-opacity":"","overlay-gradient":""},"mobile":{"background-color":"var(--ast-global-color-4)","background-image":"","background-repeat":"repeat","background-position":"center center","background-size":"auto","background-attachment":"scroll","background-type":"","background-media":"","overlay-type":"","overlay-color":"","overlay-opacity":"","overlay-gradient":""}},"footnotes":""},"class_list":["post-142","page","type-page","status-publish","has-post-thumbnail","hentry"],"_links":{"self":[{"href":"https:\/\/www.cylumine.fr\/index.php\/wp-json\/wp\/v2\/pages\/142","targetHints":{"allow":["GET"]}}],"collection":[{"href":"https:\/\/www.cylumine.fr\/index.php\/wp-json\/wp\/v2\/pages"}],"about":[{"href":"https:\/\/www.cylumine.fr\/index.php\/wp-json\/wp\/v2\/types\/page"}],"author":[{"embeddable":true,"href":"https:\/\/www.cylumine.fr\/index.php\/wp-json\/wp\/v2\/users\/1"}],"replies":[{"embeddable":true,"href":"https:\/\/www.cylumine.fr\/index.php\/wp-json\/wp\/v2\/comments?post=142"}],"version-history":[{"count":2,"href":"https:\/\/www.cylumine.fr\/index.php\/wp-json\/wp\/v2\/pages\/142\/revisions"}],"predecessor-version":[{"id":145,"href":"https:\/\/www.cylumine.fr\/index.php\/wp-json\/wp\/v2\/pages\/142\/revisions\/145"}],"wp:featuredmedia":[{"embeddable":true,"href":"https:\/\/www.cylumine.fr\/index.php\/wp-json\/wp\/v2\/media\/577"}],"wp:attachment":[{"href":"https:\/\/www.cylumine.fr\/index.php\/wp-json\/wp\/v2\/media?parent=142"}],"curies":[{"name":"wp","href":"https:\/\/api.w.org\/{rel}","templated":true}]}}