{"id":149,"date":"2026-01-15T13:52:24","date_gmt":"2026-01-15T13:52:24","guid":{"rendered":"http:\/\/37.18.42.237:8080\/?page_id=149"},"modified":"2026-01-30T15:17:45","modified_gmt":"2026-01-30T15:17:45","slug":"mentions-legales","status":"publish","type":"page","link":"https:\/\/www.cylumine.fr\/index.php\/mentions-legales\/","title":{"rendered":"Mentions l\u00e9gales"},"content":{"rendered":"<div class=\"page-header\">\n<h2>Mentions l\u00e9gales<\/h2>\n<p>&nbsp;<\/p>\n<\/div>\n<div>\n<p>CYLUMINE est une marque de CINERGY SAS.<\/p>\n<p>&#8211; CINERGY SAS au capital de 50\u00a0000 \u20ac<\/p>\n<p>&#8211; N\u00b0 SIRET : 792 955 791 R.C.S. PONTOISE<\/p>\n<p>&#8211; Si\u00e8ge Social :\u00a0<strong>Parc Saint-Christophe \u2013 B\u00e2t Edison\u00a03 &#8211; 10 Av de l\u2019Entreprise \u2013 95800 CERGY<\/strong><\/p>\n<p>Ce site\u00a0www.cylumine.fr\u00a0est la propri\u00e9t\u00e9 de CINERGY SAS.<\/p>\n<p>Les informations communiqu\u00e9es par CINERGY SAS sur le site www.cylumine.fr sont pr\u00e9sent\u00e9es \u00e0 titre indicatif et g\u00e9n\u00e9ral. Elles ne constituent en aucun cas une offre commerciale ou \u00e0 contracter, ni des conseils ou avis juridiques.<\/p>\n<p>CINERGY SAS se r\u00e9serve le droit, sans avertissement pr\u00e9alable de corriger ou de modifier le contenu de ce site \u00e0 tout moment.<\/p>\n<p>Conception et r\u00e9alisation :\u00a0<a href=\"https:\/\/www.dessart.fr\/\" target=\"_blank\" rel=\"noopener noreferrer\">Christophe Dessart\u00a0<img loading=\"lazy\" decoding=\"async\" src=\"https:\/\/www.cylumine.fr\/images\/logoCD.png\" alt=\"\" width=\"16\" height=\"19\" \/><\/a>\u00a0<a href=\"https:\/\/www.dessart.fr\/\" target=\"_blank\" rel=\"noopener noreferrer\">www.dessart.fr<\/a><\/p>\n<\/div>\n","protected":false},"excerpt":{"rendered":"<p>Mentions l\u00e9gales &nbsp; CYLUMINE est une marque de CINERGY SAS. &#8211; CINERGY SAS au capital de 50\u00a0000 \u20ac &#8211; N\u00b0 [&hellip;]<\/p>\n","protected":false},"author":1,"featured_media":577,"parent":0,"menu_order":0,"comment_status":"closed","ping_status":"closed","template":"","meta":{"site-sidebar-layout":"default","site-content-layout":"","ast-site-content-layout":"default","site-content-style":"default","site-sidebar-style":"default","ast-global-header-display":"","ast-banner-title-visibility":"","ast-main-header-display":"","ast-hfb-above-header-display":"","ast-hfb-below-header-display":"","ast-hfb-mobile-header-display":"","site-post-title":"","ast-breadcrumbs-content":"","ast-featured-img":"","footer-sml-layout":"","ast-disable-related-posts":"","theme-transparent-header-meta":"default","adv-header-id-meta":"","stick-header-meta":"","header-above-stick-meta":"","header-main-stick-meta":"","header-below-stick-meta":"","astra-migrate-meta-layouts":"set","ast-page-background-enabled":"default","ast-page-background-meta":{"desktop":{"background-color":"var(--ast-global-color-5)","background-image":"","background-repeat":"repeat","background-position":"center center","background-size":"auto","background-attachment":"scroll","background-type":"","background-media":"","overlay-type":"","overlay-color":"","overlay-opacity":"","overlay-gradient":""},"tablet":{"background-color":"","background-image":"","background-repeat":"repeat","background-position":"center center","background-size":"auto","background-attachment":"scroll","background-type":"","background-media":"","overlay-type":"","overlay-color":"","overlay-opacity":"","overlay-gradient":""},"mobile":{"background-color":"","background-image":"","background-repeat":"repeat","background-position":"center center","background-size":"auto","background-attachment":"scroll","background-type":"","background-media":"","overlay-type":"","overlay-color":"","overlay-opacity":"","overlay-gradient":""}},"ast-content-background-meta":{"desktop":{"background-color":"var(--ast-global-color-4)","background-image":"","background-repeat":"repeat","background-position":"center center","background-size":"auto","background-attachment":"scroll","background-type":"","background-media":"","overlay-type":"","overlay-color":"","overlay-opacity":"","overlay-gradient":""},"tablet":{"background-color":"var(--ast-global-color-4)","background-image":"","background-repeat":"repeat","background-position":"center center","background-size":"auto","background-attachment":"scroll","background-type":"","background-media":"","overlay-type":"","overlay-color":"","overlay-opacity":"","overlay-gradient":""},"mobile":{"background-color":"var(--ast-global-color-4)","background-image":"","background-repeat":"repeat","background-position":"center center","background-size":"auto","background-attachment":"scroll","background-type":"","background-media":"","overlay-type":"","overlay-color":"","overlay-opacity":"","overlay-gradient":""}},"footnotes":""},"class_list":["post-149","page","type-page","status-publish","has-post-thumbnail","hentry"],"_links":{"self":[{"href":"https:\/\/www.cylumine.fr\/index.php\/wp-json\/wp\/v2\/pages\/149","targetHints":{"allow":["GET"]}}],"collection":[{"href":"https:\/\/www.cylumine.fr\/index.php\/wp-json\/wp\/v2\/pages"}],"about":[{"href":"https:\/\/www.cylumine.fr\/index.php\/wp-json\/wp\/v2\/types\/page"}],"author":[{"embeddable":true,"href":"https:\/\/www.cylumine.fr\/index.php\/wp-json\/wp\/v2\/users\/1"}],"replies":[{"embeddable":true,"href":"https:\/\/www.cylumine.fr\/index.php\/wp-json\/wp\/v2\/comments?post=149"}],"version-history":[{"count":1,"href":"https:\/\/www.cylumine.fr\/index.php\/wp-json\/wp\/v2\/pages\/149\/revisions"}],"predecessor-version":[{"id":151,"href":"https:\/\/www.cylumine.fr\/index.php\/wp-json\/wp\/v2\/pages\/149\/revisions\/151"}],"wp:featuredmedia":[{"embeddable":true,"href":"https:\/\/www.cylumine.fr\/index.php\/wp-json\/wp\/v2\/media\/577"}],"wp:attachment":[{"href":"https:\/\/www.cylumine.fr\/index.php\/wp-json\/wp\/v2\/media?parent=149"}],"curies":[{"name":"wp","href":"https:\/\/api.w.org\/{rel}","templated":true}]}}