{"id":156,"date":"2026-01-15T13:56:45","date_gmt":"2026-01-15T13:56:45","guid":{"rendered":"http:\/\/37.18.42.237:8080\/?page_id=156"},"modified":"2026-01-30T15:20:53","modified_gmt":"2026-01-30T15:20:53","slug":"nos-realisations","status":"publish","type":"page","link":"https:\/\/www.cylumine.fr\/index.php\/nos-realisations\/","title":{"rendered":"Nos r\u00e9alisations"},"content":{"rendered":"<div class=\"page-header\">\n<h2>Le bilan<\/h2>\n<\/div>\n<div class=\"icons\">\n<div class=\"btn-group pull-right\"><\/div>\n<\/div>\n<div>\n<table class=\"arial\" border=\"0\" cellpadding=\"2\" align=\"left\">\n<tbody>\n<tr>\n<td class=\"arial\" align=\"left\" valign=\"top\">Faisons le point apr\u00e8s un an de travaux et de maintenance du r\u00e9seau d\u2019\u00e9clairage public de la Communaut\u00e9 d\u2019Agglom\u00e9ration de Cergy Pontoise.En ce qui concerne les travaux, 59 km de r\u00e9seau basse tension et 16 km de r\u00e9seau haute tension ont \u00e9t\u00e9 r\u00e9alis\u00e9s .Une tr\u00e8s grande partie a \u00e9t\u00e9 faite gr\u00e2ce \u00e0 une \u00ab\u00a0micro trancheuse\u00a0\u00bb (photo 1) qui a permis de travailler rapidement (soit environ 300 m par jour) et avec un minimum de nuisances pour les riverains. La \u00ab\u00a0micro trancheuse\u00a0\u00bb est pr\u00e9c\u00e9d\u00e9e d\u2019un radar (photo 2) permettant de d\u00e9tecter la pr\u00e9sence de r\u00e9seaux. G\u00e9n\u00e9ralement en zone r\u00e9sidentielle,\u00a0 une rue \u00e9tait r\u00e9alis\u00e9e en 1 journ\u00e9e. R\u00e9alisation de la micro tranch\u00e9e, pose du fourreau et rebouchage en b\u00e9ton rouge pour la protection du r\u00e9seau.Ensuite de nouveaux m\u00e2ts et de nouveaux luminaires ont \u00e9t\u00e9 install\u00e9s, soit 2300 nouveaux points lumineux. Ramen\u00e9 \u00e0 une ville moyenne de 15000 habitants, ceci \u00e9quivaudrait \u00e0 avoir refait \u00e0 neuf 100% de l\u2019\u00e9clairage public\u00a0! L\u2019\u00e9clairage public de 159 rues a ainsi \u00e9t\u00e9 refait.<\/td>\n<td align=\"left\" valign=\"top\">\n<div class=\"img_caption none\">\n<p><img loading=\"lazy\" decoding=\"async\" class=\"caption\" src=\"https:\/\/www.cylumine.fr\/images\/photo%201.jpg\" width=\"225\" height=\"300\" border=\"0\" \/><\/p>\n<p class=\"img_caption\">\n<\/div>\n<p>Photo 1<\/td>\n<td align=\"left\" valign=\"top\"><em><img loading=\"lazy\" decoding=\"async\" src=\"https:\/\/www.cylumine.fr\/images\/photo%202.jpg\" width=\"225\" height=\"300\" border=\"0\" \/><br \/>\nPhoto 2<br \/>\n<\/em><\/td>\n<\/tr>\n<tr>\n<td class=\"arial\" align=\"left\" valign=\"top\">Ces travaux ont \u00e9t\u00e9 r\u00e9alis\u00e9s conform\u00e9ment au sch\u00e9ma d\u2019am\u00e9nagement lumi\u00e8re (SDAL) qui d\u00e9finit des typologies de voies. Sur les voies r\u00e9sidentielles et pi\u00e9tonnes c\u2019est l\u2019\u00e9clairage Led (photos 3 et 4) qui a \u00e9t\u00e9 pr\u00e9conis\u00e9. Ces luminaires Led remplaceront \u00e0 terme toutes les \u00ab\u00a0boules\u00a0\u00bb \u00e9nergivores et occasionnant une pollution lumineuse (photo 5)\u00a0;\u00a0et ce sur 1200 points lumineux\u00a0!\u00a0 Pour les autres 1100 points lumineux, de nouvelles sources d\u2019\u00e9clairage ont permis \u00e9galement de r\u00e9duire la consommation d\u2019\u00e9nergie \u00e9lectrique. \u00a0Les diff\u00e9rents syst\u00e8mes de r\u00e9gulation ont permis \u00e9galement une \u00e9conomie cons\u00e9quente. Sur la part des travaux r\u00e9alis\u00e9s c\u2019est d\u00e9j\u00e0 une r\u00e9duction de 50% de la consommation d\u2019\u00e9lectricit\u00e9.2 sites ont \u00e9t\u00e9 mis en valeur par la lumi\u00e8re\u00a0: L\u2019\u00e9glise Saint Pie X \u00a0et La maison Bernardin de Saint Pierre \u00e0 Eragny.<\/td>\n<td align=\"left\" valign=\"top\"><em><img loading=\"lazy\" decoding=\"async\" src=\"https:\/\/www.cylumine.fr\/images\/photo%203.jpg\" width=\"225\" height=\"300\" border=\"0\" \/>Photo 3\u00a0<\/em><em><br \/>\n<\/em><\/td>\n<td align=\"left\" valign=\"top\"><em><img loading=\"lazy\" decoding=\"async\" src=\"https:\/\/www.cylumine.fr\/images\/photo%204.jpg\" width=\"225\" height=\"300\" border=\"0\" \/><br \/>\nPhoto 4<br \/>\n<\/em><\/td>\n<\/tr>\n<tr>\n<td class=\"arial\" align=\"left\" valign=\"top\">En ce qui concerne l\u2019exploitation et la maintenance du r\u00e9seau d\u2019\u00e9clairage public de la CACP,\u00a0d\u2019importants moyens techniques et humains ont \u00e9t\u00e9 mis en \u0153uvre pour atteindre l\u2019objectif du contrat de partenariat qui n\u2019autorise qu\u2019un maximum de 2 % de pannes. Toutes les op\u00e9rations de maintenance pr\u00e9ventives et correctives sont g\u00e9r\u00e9es dans une base de donn\u00e9es rafra\u00eechie en temps r\u00e9el afin de minimiser au maximum les d\u00e9lais d\u2019intervention. Tous les techniciens sont \u00e9quip\u00e9s de tablettes informatiques reli\u00e9es par radio avec la base de donn\u00e9es (photo 6).<\/td>\n<td align=\"left\" valign=\"top\"><em><img loading=\"lazy\" decoding=\"async\" src=\"https:\/\/www.cylumine.fr\/images\/photo%205.jpg\" width=\"225\" height=\"300\" border=\"0\" \/><br \/>\nPhoto 5<br \/>\n<\/em><\/td>\n<td align=\"left\" valign=\"top\"><em><em><img decoding=\"async\" src=\"https:\/\/www.cylumine.fr\/images\/photo%207.jpg.png\" width=\"225\" border=\"0\" \/><br \/>\nPhoto\u00a06<\/em><\/em><\/td>\n<\/tr>\n<tr>\n<td class=\"arial\" align=\"left\" valign=\"top\">Le r\u00e9seau haute tension qui alimente l\u2019ensemble de l\u2019\u00e9clairage public est v\u00e9tuste et sa r\u00e9novation en cours reste une priorit\u00e9. En effet par temps humide et froid, les anciens c\u00e2bles haute tension pr\u00e9sentent des d\u00e9fauts d\u2019isolement\u00a0 et g\u00e9n\u00e8rent des pannes pouvant toucher des rues et des quartiers entiers (photo 7).<\/td>\n<td align=\"left\" valign=\"top\"><em><img decoding=\"async\" src=\"https:\/\/www.cylumine.fr\/images\/photo%208.jpg\" width=\"225\" border=\"0\" \/><br \/>\nPhoto 7<br \/>\n<\/em><\/td>\n<td align=\"left\" valign=\"top\"><em><img decoding=\"async\" src=\"https:\/\/www.cylumine.fr\/images\/photo%209.jpg\" width=\"225\" border=\"0\" \/><br \/>\nPhoto\u00a08<br \/>\n<\/em><\/td>\n<\/tr>\n<tr>\n<td class=\"arial\" align=\"left\" valign=\"top\">De fa\u00e7on \u00e0 d\u00e9tecter le plus rapidement possible ces dysfonctionnements d\u2019importants moyens logistiques ont \u00e9t\u00e9 mis en \u0153uvre dont un camion laboratoire permettant de d\u00e9terminer l\u2019endroit du d\u00e9faut sous terrain (photo 8).<\/td>\n<td align=\"left\" valign=\"top\"><em>\u00a0<\/em><\/td>\n<td align=\"left\" valign=\"top\"><em>\u00a0<\/em><\/td>\n<\/tr>\n<\/tbody>\n<\/table>\n<\/div>\n","protected":false},"excerpt":{"rendered":"<p>Le bilan Faisons le point apr\u00e8s un an de travaux et de maintenance du r\u00e9seau d\u2019\u00e9clairage public de la Communaut\u00e9 [&hellip;]<\/p>\n","protected":false},"author":1,"featured_media":578,"parent":0,"menu_order":0,"comment_status":"closed","ping_status":"closed","template":"","meta":{"site-sidebar-layout":"default","site-content-layout":"","ast-site-content-layout":"default","site-content-style":"default","site-sidebar-style":"default","ast-global-header-display":"","ast-banner-title-visibility":"","ast-main-header-display":"","ast-hfb-above-header-display":"","ast-hfb-below-header-display":"","ast-hfb-mobile-header-display":"","site-post-title":"","ast-breadcrumbs-content":"","ast-featured-img":"","footer-sml-layout":"","ast-disable-related-posts":"","theme-transparent-header-meta":"default","adv-header-id-meta":"","stick-header-meta":"","header-above-stick-meta":"","header-main-stick-meta":"","header-below-stick-meta":"","astra-migrate-meta-layouts":"set","ast-page-background-enabled":"default","ast-page-background-meta":{"desktop":{"background-color":"var(--ast-global-color-5)","background-image":"","background-repeat":"repeat","background-position":"center center","background-size":"auto","background-attachment":"scroll","background-type":"","background-media":"","overlay-type":"","overlay-color":"","overlay-opacity":"","overlay-gradient":""},"tablet":{"background-color":"","background-image":"","background-repeat":"repeat","background-position":"center center","background-size":"auto","background-attachment":"scroll","background-type":"","background-media":"","overlay-type":"","overlay-color":"","overlay-opacity":"","overlay-gradient":""},"mobile":{"background-color":"","background-image":"","background-repeat":"repeat","background-position":"center center","background-size":"auto","background-attachment":"scroll","background-type":"","background-media":"","overlay-type":"","overlay-color":"","overlay-opacity":"","overlay-gradient":""}},"ast-content-background-meta":{"desktop":{"background-color":"var(--ast-global-color-4)","background-image":"","background-repeat":"repeat","background-position":"center center","background-size":"auto","background-attachment":"scroll","background-type":"","background-media":"","overlay-type":"","overlay-color":"","overlay-opacity":"","overlay-gradient":""},"tablet":{"background-color":"var(--ast-global-color-4)","background-image":"","background-repeat":"repeat","background-position":"center center","background-size":"auto","background-attachment":"scroll","background-type":"","background-media":"","overlay-type":"","overlay-color":"","overlay-opacity":"","overlay-gradient":""},"mobile":{"background-color":"var(--ast-global-color-4)","background-image":"","background-repeat":"repeat","background-position":"center center","background-size":"auto","background-attachment":"scroll","background-type":"","background-media":"","overlay-type":"","overlay-color":"","overlay-opacity":"","overlay-gradient":""}},"footnotes":""},"class_list":["post-156","page","type-page","status-publish","has-post-thumbnail","hentry"],"_links":{"self":[{"href":"https:\/\/www.cylumine.fr\/index.php\/wp-json\/wp\/v2\/pages\/156","targetHints":{"allow":["GET"]}}],"collection":[{"href":"https:\/\/www.cylumine.fr\/index.php\/wp-json\/wp\/v2\/pages"}],"about":[{"href":"https:\/\/www.cylumine.fr\/index.php\/wp-json\/wp\/v2\/types\/page"}],"author":[{"embeddable":true,"href":"https:\/\/www.cylumine.fr\/index.php\/wp-json\/wp\/v2\/users\/1"}],"replies":[{"embeddable":true,"href":"https:\/\/www.cylumine.fr\/index.php\/wp-json\/wp\/v2\/comments?post=156"}],"version-history":[{"count":3,"href":"https:\/\/www.cylumine.fr\/index.php\/wp-json\/wp\/v2\/pages\/156\/revisions"}],"predecessor-version":[{"id":584,"href":"https:\/\/www.cylumine.fr\/index.php\/wp-json\/wp\/v2\/pages\/156\/revisions\/584"}],"wp:featuredmedia":[{"embeddable":true,"href":"https:\/\/www.cylumine.fr\/index.php\/wp-json\/wp\/v2\/media\/578"}],"wp:attachment":[{"href":"https:\/\/www.cylumine.fr\/index.php\/wp-json\/wp\/v2\/media?parent=156"}],"curies":[{"name":"wp","href":"https:\/\/api.w.org\/{rel}","templated":true}]}}