{"id":2,"date":"2026-01-08T13:59:28","date_gmt":"2026-01-08T13:59:28","guid":{"rendered":"http:\/\/37.18.42.237:8080\/?page_id=2"},"modified":"2026-02-02T09:53:16","modified_gmt":"2026-02-02T09:53:16","slug":"sample-page","status":"publish","type":"page","link":"https:\/\/www.cylumine.fr\/","title":{"rendered":"Actualit\u00e9s Maintenance"},"content":{"rendered":"<h2>Bienvenue sur Cylumine<\/h2>\n<p>Cylumine est le service public d&rsquo;\u00e9clairage de l&rsquo;agglom\u00e9ration de Cergy-Pontoise.<\/p>\n<h1 style=\"color: #c8125c; font-size: 24px; margin: 20px 0;\">FLASH INFO &#8211; DEFAUT POSTE HT HALOGENE D5 &#8211; 13\/05\/2025<\/h1>\n<p><strong>D\u00e9faut(s) constat\u00e9(s) :<\/strong> D\u00e9faut homopolaire signal\u00e9 par la t\u00e9l\u00e9surveillance, impossibilit\u00e9 de remettre en service une recherche terrain s&rsquo;impose.<\/p>\n<h3 style=\"font-size: 16px; margin: 20px 0 10px;\">Zone(s) impact\u00e9e(s):<\/h3>\n<ul>\n<li><strong>Nombre de points lumineux :<\/strong> 133 PL<\/li>\n<li><strong>Voie(s):<\/strong> Bld de l&rsquo;Oise, Av de la Paix, Av Gandhi, Av Florian Tristan, Av Martin Luther King, Av Pierre Brasseur<\/li>\n<\/ul>\n<h3 style=\"font-size: 16px; margin: 20px 0 10px;\">Intervention r\u00e9alis\u00e9e et remise en service :<\/h3>\n<p>Remplacement d&rsquo;une T\u00eate HTA sur l&rsquo;Av Gandhi. V\u00e9rification du fonctionnement sur le terrain et remise en service.<\/p>\n","protected":false},"excerpt":{"rendered":"<p>Bienvenue sur Cylumine Cylumine est le service public d&rsquo;\u00e9clairage de l&rsquo;agglom\u00e9ration de Cergy-Pontoise. FLASH INFO &#8211; DEFAUT POSTE HT HALOGENE [&hellip;]<\/p>\n","protected":false},"author":1,"featured_media":579,"parent":0,"menu_order":0,"comment_status":"closed","ping_status":"open","template":"page-cylumine.php","meta":{"site-sidebar-layout":"default","site-content-layout":"","ast-site-content-layout":"default","site-content-style":"default","site-sidebar-style":"default","ast-global-header-display":"","ast-banner-title-visibility":"","ast-main-header-display":"","ast-hfb-above-header-display":"","ast-hfb-below-header-display":"","ast-hfb-mobile-header-display":"","site-post-title":"","ast-breadcrumbs-content":"","ast-featured-img":"","footer-sml-layout":"","ast-disable-related-posts":"","theme-transparent-header-meta":"default","adv-header-id-meta":"","stick-header-meta":"","header-above-stick-meta":"","header-main-stick-meta":"","header-below-stick-meta":"","astra-migrate-meta-layouts":"set","ast-page-background-enabled":"default","ast-page-background-meta":{"desktop":{"background-color":"var(--ast-global-color-5)","background-image":"","background-repeat":"repeat","background-position":"center center","background-size":"auto","background-attachment":"scroll","background-type":"","background-media":"","overlay-type":"","overlay-color":"","overlay-opacity":"","overlay-gradient":""},"tablet":{"background-color":"","background-image":"","background-repeat":"repeat","background-position":"center center","background-size":"auto","background-attachment":"scroll","background-type":"","background-media":"","overlay-type":"","overlay-color":"","overlay-opacity":"","overlay-gradient":""},"mobile":{"background-color":"","background-image":"","background-repeat":"repeat","background-position":"center center","background-size":"auto","background-attachment":"scroll","background-type":"","background-media":"","overlay-type":"","overlay-color":"","overlay-opacity":"","overlay-gradient":""}},"ast-content-background-meta":{"desktop":{"background-color":"var(--ast-global-color-4)","background-image":"","background-repeat":"repeat","background-position":"center center","background-size":"auto","background-attachment":"scroll","background-type":"","background-media":"","overlay-type":"","overlay-color":"","overlay-opacity":"","overlay-gradient":""},"tablet":{"background-color":"var(--ast-global-color-4)","background-image":"","background-repeat":"repeat","background-position":"center center","background-size":"auto","background-attachment":"scroll","background-type":"","background-media":"","overlay-type":"","overlay-color":"","overlay-opacity":"","overlay-gradient":""},"mobile":{"background-color":"var(--ast-global-color-4)","background-image":"","background-repeat":"repeat","background-position":"center center","background-size":"auto","background-attachment":"scroll","background-type":"","background-media":"","overlay-type":"","overlay-color":"","overlay-opacity":"","overlay-gradient":""}},"footnotes":""},"class_list":["post-2","page","type-page","status-publish","has-post-thumbnail","hentry"],"_links":{"self":[{"href":"https:\/\/www.cylumine.fr\/index.php\/wp-json\/wp\/v2\/pages\/2","targetHints":{"allow":["GET"]}}],"collection":[{"href":"https:\/\/www.cylumine.fr\/index.php\/wp-json\/wp\/v2\/pages"}],"about":[{"href":"https:\/\/www.cylumine.fr\/index.php\/wp-json\/wp\/v2\/types\/page"}],"author":[{"embeddable":true,"href":"https:\/\/www.cylumine.fr\/index.php\/wp-json\/wp\/v2\/users\/1"}],"replies":[{"embeddable":true,"href":"https:\/\/www.cylumine.fr\/index.php\/wp-json\/wp\/v2\/comments?post=2"}],"version-history":[{"count":4,"href":"https:\/\/www.cylumine.fr\/index.php\/wp-json\/wp\/v2\/pages\/2\/revisions"}],"predecessor-version":[{"id":41,"href":"https:\/\/www.cylumine.fr\/index.php\/wp-json\/wp\/v2\/pages\/2\/revisions\/41"}],"wp:featuredmedia":[{"embeddable":true,"href":"https:\/\/www.cylumine.fr\/index.php\/wp-json\/wp\/v2\/media\/579"}],"wp:attachment":[{"href":"https:\/\/www.cylumine.fr\/index.php\/wp-json\/wp\/v2\/media?parent=2"}],"curies":[{"name":"wp","href":"https:\/\/api.w.org\/{rel}","templated":true}]}}