{"id":51,"date":"2026-01-14T13:23:44","date_gmt":"2026-01-14T13:23:44","guid":{"rendered":"http:\/\/37.18.42.237:8080\/?page_id=51"},"modified":"2026-01-30T15:19:39","modified_gmt":"2026-01-30T15:19:39","slug":"economies-denergies","status":"publish","type":"page","link":"https:\/\/www.cylumine.fr\/index.php\/economies-denergies\/","title":{"rendered":"Economies d&rsquo;\u00e9nergies"},"content":{"rendered":"<div class=\"page-header\">\n<h2>Economies d&rsquo;\u00e9nergie et gradation<\/h2>\n<\/div>\n<div class=\"icons\">\n<div class=\"btn-group pull-right\"><\/div>\n<\/div>\n<div>\n<p><span class=\"arial\">L\u2019<\/span><span class=\"arialBold\">\u00e9clairage public<\/span><span class=\"arial\">\u00a0est une source de rejet de CO2 et repr\u00e9sente plus de la moiti\u00e9 des consommations \u00e9nerg\u00e9tiques des \u00e9quipements communautaires. C&rsquo;est pourquoi il justifie un suivi et une attention particuli\u00e8re concernant les\u00a0<\/span><span class=\"arialBold\">\u00e9conomies d\u2019\u00e9nergie<\/span><span class=\"arial\">.<\/span><\/p>\n<p>&nbsp;<\/p>\n<table border=\"0\" cellspacing=\"0\" cellpadding=\"2\">\n<tbody>\n<tr>\n<td valign=\"top\" width=\"70%\" height=\"206\"><span class=\"arial\">La r\u00e9duction des consommations s\u2019obtient :<br \/>\n<img loading=\"lazy\" decoding=\"async\" src=\"https:\/\/www.cylumine.fr\/img\/puce1.png\" width=\"13\" height=\"11\" border=\"0\" \/>\u00a0\u00a0par la r\u00e9alisation d\u2019<\/span><span class=\"arialBold\">\u00e9tudes adapt\u00e9es<\/span><span class=\"arial\">\u00a0permettant de d\u00e9finir et de confirmer les\u00a0<\/span><span class=\"arialBold\">besoins r\u00e9els en \u00e9clairage public<\/span><span class=\"arial\">, en choisissant le bon emploi des luminaires, des sources et des principes d\u2019implantation en fonction des usages\u00a0;<br \/>\n<img loading=\"lazy\" decoding=\"async\" src=\"https:\/\/www.cylumine.fr\/img\/puce1.png\" width=\"13\" height=\"11\" border=\"0\" \/>\u00a0\u00a0en mettant l\u2019accent sur la\u00a0<\/span><span class=\"arialBold\">qualit\u00e9 de la lumi\u00e8re<\/span><span class=\"arial\">, en optant pour des appareillages d\u2019alimentation avantageux et performants ;<br \/>\n<img loading=\"lazy\" decoding=\"async\" src=\"https:\/\/www.cylumine.fr\/img\/puce1.png\" width=\"13\" height=\"11\" border=\"0\" \/>\u00a0\u00a0en mettant en place des\u00a0<strong>syst\u00e8mes de commandes permettant la gradation<\/strong>. Le principe proc\u00e8de d\u2019une id\u00e9e simple : une voie n\u2019a pas besoin d&rsquo;\u00eatre \u00e9clair\u00e9e avec la m\u00eame intensit\u00e9 tout au long de la nuit, l\u2019\u00e9clairage peut donc \u00ab s\u2019adapter \u00bb au flux de circulation ou aux usages des lieux (par exemple, une r\u00e9duction de puissance de 25\u00a0% \u00e0 partir de 22 heures g\u00e9n\u00e8re une \u00e9conomie d&rsquo;\u00e9nergie de 20\u00a0%).<\/span><\/td>\n<td align=\"right\" valign=\"top\"><img loading=\"lazy\" decoding=\"async\" src=\"https:\/\/www.cylumine.fr\/img\/Residentiel14.jpg\" width=\"300\" height=\"224\" border=\"1\" \/><\/td>\n<\/tr>\n<\/tbody>\n<\/table>\n<p><span class=\"arial\">Pour \u00e9viter tout risque de surench\u00e8re lumi\u00e8re, l\u2019<\/span><span class=\"arialBold\">\u00e9clairage public<\/span><span class=\"arial\">\u00a0doit \u00eatre \u00e9troitement con\u00e7u lors des projets d\u2019am\u00e9nagement urbain afin de proposer un\u00a0<\/span><span class=\"arialBold\">traitement global et coh\u00e9rent des espaces publics<\/span><span class=\"arial\">.<\/span><\/p>\n<p>Il est important d\u2019<span class=\"arialBold\">adapter la lumi\u00e8re \u00e0 l\u2019usage et \u00e0 l\u2019espace<\/span><span class=\"arial\">\u00a0: les quantit\u00e9s de lumi\u00e8re et les photom\u00e9tries des syst\u00e8mes optiques sont adapt\u00e9es au contexte, aux surfaces utiles et se r\u00e9f\u00e9reront aux\u00a0<\/span><span class=\"arialBold\">normes en vigueur<\/span><span class=\"arial\">\u00a0(EN 13 201).<\/span><\/p>\n<p>Suite aux travaux de reconstruction nous pouvons constater l&rsquo;impact sur la consommation d&rsquo;\u00e9nergie et les \u00e9conomies r\u00e9alis\u00e9es pour atteindre fin 2021, une \u00e9conomie de plus de 45% :<\/p>\n<p><img decoding=\"async\" src=\"https:\/\/www.cylumine.fr\/images\/ECO.jpg\" alt=\"\" \/><\/p>\n<p><em>(R2.2 : patrimoine r\u00e9cup\u00e9r\u00e9 en cours de contrat)<\/em><\/p>\n<p>Nous avons d\u00e9j\u00e0\u00a0d\u00e9pass\u00e9 l&rsquo;objectif pr\u00e9vu de 2031 de 40%.<\/p>\n<\/div>\n","protected":false},"excerpt":{"rendered":"<p>Economies d&rsquo;\u00e9nergie et gradation L\u2019\u00e9clairage public\u00a0est une source de rejet de CO2 et repr\u00e9sente plus de la moiti\u00e9 des consommations [&hellip;]<\/p>\n","protected":false},"author":1,"featured_media":578,"parent":0,"menu_order":0,"comment_status":"closed","ping_status":"closed","template":"","meta":{"site-sidebar-layout":"default","site-content-layout":"","ast-site-content-layout":"default","site-content-style":"default","site-sidebar-style":"default","ast-global-header-display":"","ast-banner-title-visibility":"","ast-main-header-display":"","ast-hfb-above-header-display":"","ast-hfb-below-header-display":"","ast-hfb-mobile-header-display":"","site-post-title":"","ast-breadcrumbs-content":"","ast-featured-img":"","footer-sml-layout":"","ast-disable-related-posts":"","theme-transparent-header-meta":"default","adv-header-id-meta":"","stick-header-meta":"","header-above-stick-meta":"","header-main-stick-meta":"","header-below-stick-meta":"","astra-migrate-meta-layouts":"set","ast-page-background-enabled":"default","ast-page-background-meta":{"desktop":{"background-color":"var(--ast-global-color-5)","background-image":"","background-repeat":"repeat","background-position":"center center","background-size":"auto","background-attachment":"scroll","background-type":"","background-media":"","overlay-type":"","overlay-color":"","overlay-opacity":"","overlay-gradient":""},"tablet":{"background-color":"","background-image":"","background-repeat":"repeat","background-position":"center center","background-size":"auto","background-attachment":"scroll","background-type":"","background-media":"","overlay-type":"","overlay-color":"","overlay-opacity":"","overlay-gradient":""},"mobile":{"background-color":"","background-image":"","background-repeat":"repeat","background-position":"center center","background-size":"auto","background-attachment":"scroll","background-type":"","background-media":"","overlay-type":"","overlay-color":"","overlay-opacity":"","overlay-gradient":""}},"ast-content-background-meta":{"desktop":{"background-color":"var(--ast-global-color-4)","background-image":"","background-repeat":"repeat","background-position":"center center","background-size":"auto","background-attachment":"scroll","background-type":"","background-media":"","overlay-type":"","overlay-color":"","overlay-opacity":"","overlay-gradient":""},"tablet":{"background-color":"var(--ast-global-color-4)","background-image":"","background-repeat":"repeat","background-position":"center center","background-size":"auto","background-attachment":"scroll","background-type":"","background-media":"","overlay-type":"","overlay-color":"","overlay-opacity":"","overlay-gradient":""},"mobile":{"background-color":"var(--ast-global-color-4)","background-image":"","background-repeat":"repeat","background-position":"center center","background-size":"auto","background-attachment":"scroll","background-type":"","background-media":"","overlay-type":"","overlay-color":"","overlay-opacity":"","overlay-gradient":""}},"footnotes":""},"class_list":["post-51","page","type-page","status-publish","has-post-thumbnail","hentry"],"_links":{"self":[{"href":"https:\/\/www.cylumine.fr\/index.php\/wp-json\/wp\/v2\/pages\/51","targetHints":{"allow":["GET"]}}],"collection":[{"href":"https:\/\/www.cylumine.fr\/index.php\/wp-json\/wp\/v2\/pages"}],"about":[{"href":"https:\/\/www.cylumine.fr\/index.php\/wp-json\/wp\/v2\/types\/page"}],"author":[{"embeddable":true,"href":"https:\/\/www.cylumine.fr\/index.php\/wp-json\/wp\/v2\/users\/1"}],"replies":[{"embeddable":true,"href":"https:\/\/www.cylumine.fr\/index.php\/wp-json\/wp\/v2\/comments?post=51"}],"version-history":[{"count":3,"href":"https:\/\/www.cylumine.fr\/index.php\/wp-json\/wp\/v2\/pages\/51\/revisions"}],"predecessor-version":[{"id":582,"href":"https:\/\/www.cylumine.fr\/index.php\/wp-json\/wp\/v2\/pages\/51\/revisions\/582"}],"wp:featuredmedia":[{"embeddable":true,"href":"https:\/\/www.cylumine.fr\/index.php\/wp-json\/wp\/v2\/media\/578"}],"wp:attachment":[{"href":"https:\/\/www.cylumine.fr\/index.php\/wp-json\/wp\/v2\/media?parent=51"}],"curies":[{"name":"wp","href":"https:\/\/api.w.org\/{rel}","templated":true}]}}