{"id":8,"date":"2026-01-08T14:40:21","date_gmt":"2026-01-08T14:40:21","guid":{"rendered":"http:\/\/37.18.42.237:8080\/index.php\/extinctions\/"},"modified":"2026-04-01T13:07:56","modified_gmt":"2026-04-01T13:07:56","slug":"extinctions","status":"publish","type":"page","link":"https:\/\/www.cylumine.fr\/index.php\/extinctions\/","title":{"rendered":"Extinctions"},"content":{"rendered":"<p>Les plages horaires de fonctionnement de l\u2019\u00e9clairage varient selon le type de secteur :<\/p>\n<ul>\n<li>en centre-ville et autour des gares : pas d\u2019extinction<\/li>\n<li>sur les Parcs d&rsquo;Activit\u00e9s et Espaces Naturels : extinction de 23h30 \u00e0 4h30<\/li>\n<li>zones identifi\u00e9es en Rouge : extinction de 23h00 \u00e0 6h00, avec la possibilit\u00e9 de rallumer avec \u00ab\u00a0J&rsquo;allume ma Rue\u00a0\u00bb<\/li>\n<li>dans les autres secteurs : extinction de 1h30 \u00e0 4h30<\/li>\n<\/ul>\n<div>\n<p><img decoding=\"async\" src=\"https:\/\/www.cylumine.fr\/images\/ExtinctionB\/CACP-06-01-2025.jpg\" alt=\"\" \/><img loading=\"lazy\" decoding=\"async\" class=\"alignnone size-full wp-image-611\" src=\"http:\/\/37.18.42.237:8080\/wp-content\/uploads\/2026\/02\/CACP_1-1.jpg\" alt=\"\" width=\"2481\" height=\"1754\" srcset=\"https:\/\/www.cylumine.fr\/wp-content\/uploads\/2026\/02\/CACP_1-1.jpg 2481w, https:\/\/www.cylumine.fr\/wp-content\/uploads\/2026\/02\/CACP_1-1-300x212.jpg 300w, https:\/\/www.cylumine.fr\/wp-content\/uploads\/2026\/02\/CACP_1-1-1024x724.jpg 1024w, https:\/\/www.cylumine.fr\/wp-content\/uploads\/2026\/02\/CACP_1-1-768x543.jpg 768w, https:\/\/www.cylumine.fr\/wp-content\/uploads\/2026\/02\/CACP_1-1-1536x1086.jpg 1536w, https:\/\/www.cylumine.fr\/wp-content\/uploads\/2026\/02\/CACP_1-1-2048x1448.jpg 2048w\" sizes=\"auto, (max-width: 2481px) 100vw, 2481px\" \/><\/p>\n<\/div>\n<p><span class=\"arialRubrique\"><br \/>\n<img decoding=\"async\" src=\"https:\/\/www.cylumine.fr\/images\/ExtinctionB\/BOI2.jpg\" alt=\"\" \/><br \/>\n<\/span><\/p>\n<p><img decoding=\"async\" src=\"https:\/\/www.cylumine.fr\/images\/ExtinctionB\/CER_1.jpg\" alt=\"\" \/><\/p>\n<p><img loading=\"lazy\" decoding=\"async\" class=\"alignnone size-full wp-image-610\" src=\"http:\/\/37.18.42.237:8080\/wp-content\/uploads\/2026\/02\/COU_1.jpg\" alt=\"\" width=\"1754\" height=\"2481\" srcset=\"https:\/\/www.cylumine.fr\/wp-content\/uploads\/2026\/02\/COU_1.jpg 1754w, https:\/\/www.cylumine.fr\/wp-content\/uploads\/2026\/02\/COU_1-212x300.jpg 212w, https:\/\/www.cylumine.fr\/wp-content\/uploads\/2026\/02\/COU_1-724x1024.jpg 724w, https:\/\/www.cylumine.fr\/wp-content\/uploads\/2026\/02\/COU_1-768x1086.jpg 768w, https:\/\/www.cylumine.fr\/wp-content\/uploads\/2026\/02\/COU_1-1086x1536.jpg 1086w, https:\/\/www.cylumine.fr\/wp-content\/uploads\/2026\/02\/COU_1-1448x2048.jpg 1448w\" sizes=\"auto, (max-width: 1754px) 100vw, 1754px\" \/><\/p>\n<p><img decoding=\"async\" src=\"https:\/\/www.cylumine.fr\/images\/ExtinctionB\/ERA.jpg\" alt=\"\" \/><\/p>\n<p><img decoding=\"async\" src=\"https:\/\/www.cylumine.fr\/images\/ExtinctionB\/JLM_1.jpg\" alt=\"\" \/><\/p>\n<p><img decoding=\"async\" src=\"https:\/\/www.cylumine.fr\/images\/ExtinctionB\/MAU.jpg\" alt=\"\" \/><\/p>\n<p>&nbsp;<\/p>\n<p><img decoding=\"async\" src=\"https:\/\/www.cylumine.fr\/images\/ExtinctionB\/MEN.jpg\" alt=\"\" \/><\/p>\n<p><img decoding=\"async\" src=\"https:\/\/www.cylumine.fr\/images\/ExtinctionB\/NEU2.jpg\" alt=\"\" \/><\/p>\n<p><img decoding=\"async\" src=\"https:\/\/www.cylumine.fr\/images\/ExtinctionB\/OSN_1.jpg\" alt=\"\" \/><\/p>\n<p><img decoding=\"async\" src=\"https:\/\/www.cylumine.fr\/images\/ExtinctionB\/PON_1.jpg\" alt=\"\" \/><\/p>\n<p><img decoding=\"async\" src=\"https:\/\/www.cylumine.fr\/images\/ExtinctionB\/PUI3.jpg\" alt=\"\" \/><\/p>\n<p><img loading=\"lazy\" decoding=\"async\" class=\"alignnone size-full wp-image-626\" src=\"https:\/\/www.cylumine.fr\/wp-content\/uploads\/2026\/04\/SOA_1.jpg\" alt=\"\" width=\"2481\" height=\"1754\" srcset=\"https:\/\/www.cylumine.fr\/wp-content\/uploads\/2026\/04\/SOA_1.jpg 2481w, https:\/\/www.cylumine.fr\/wp-content\/uploads\/2026\/04\/SOA_1-300x212.jpg 300w, https:\/\/www.cylumine.fr\/wp-content\/uploads\/2026\/04\/SOA_1-1024x724.jpg 1024w, https:\/\/www.cylumine.fr\/wp-content\/uploads\/2026\/04\/SOA_1-768x543.jpg 768w, https:\/\/www.cylumine.fr\/wp-content\/uploads\/2026\/04\/SOA_1-1536x1086.jpg 1536w, https:\/\/www.cylumine.fr\/wp-content\/uploads\/2026\/04\/SOA_1-2048x1448.jpg 2048w\" sizes=\"auto, (max-width: 2481px) 100vw, 2481px\" \/><\/p>\n<p><img decoding=\"async\" src=\"https:\/\/www.cylumine.fr\/images\/ExtinctionB\/VAU_1.jpg\" alt=\"\" \/><\/p>\n","protected":false},"excerpt":{"rendered":"<p>Les plages horaires de fonctionnement de l\u2019\u00e9clairage varient selon le type de secteur : en centre-ville et autour des gares [&hellip;]<\/p>\n","protected":false},"author":1,"featured_media":579,"parent":0,"menu_order":0,"comment_status":"closed","ping_status":"closed","template":"","meta":{"site-sidebar-layout":"default","site-content-layout":"","ast-site-content-layout":"default","site-content-style":"default","site-sidebar-style":"default","ast-global-header-display":"","ast-banner-title-visibility":"","ast-main-header-display":"","ast-hfb-above-header-display":"","ast-hfb-below-header-display":"","ast-hfb-mobile-header-display":"","site-post-title":"","ast-breadcrumbs-content":"","ast-featured-img":"","footer-sml-layout":"","ast-disable-related-posts":"","theme-transparent-header-meta":"default","adv-header-id-meta":"","stick-header-meta":"","header-above-stick-meta":"","header-main-stick-meta":"","header-below-stick-meta":"","astra-migrate-meta-layouts":"set","ast-page-background-enabled":"default","ast-page-background-meta":{"desktop":{"background-color":"var(--ast-global-color-5)","background-image":"","background-repeat":"repeat","background-position":"center center","background-size":"auto","background-attachment":"scroll","background-type":"","background-media":"","overlay-type":"","overlay-color":"","overlay-opacity":"","overlay-gradient":""},"tablet":{"background-color":"","background-image":"","background-repeat":"repeat","background-position":"center center","background-size":"auto","background-attachment":"scroll","background-type":"","background-media":"","overlay-type":"","overlay-color":"","overlay-opacity":"","overlay-gradient":""},"mobile":{"background-color":"","background-image":"","background-repeat":"repeat","background-position":"center center","background-size":"auto","background-attachment":"scroll","background-type":"","background-media":"","overlay-type":"","overlay-color":"","overlay-opacity":"","overlay-gradient":""}},"ast-content-background-meta":{"desktop":{"background-color":"var(--ast-global-color-4)","background-image":"","background-repeat":"repeat","background-position":"center center","background-size":"auto","background-attachment":"scroll","background-type":"","background-media":"","overlay-type":"","overlay-color":"","overlay-opacity":"","overlay-gradient":""},"tablet":{"background-color":"var(--ast-global-color-4)","background-image":"","background-repeat":"repeat","background-position":"center center","background-size":"auto","background-attachment":"scroll","background-type":"","background-media":"","overlay-type":"","overlay-color":"","overlay-opacity":"","overlay-gradient":""},"mobile":{"background-color":"var(--ast-global-color-4)","background-image":"","background-repeat":"repeat","background-position":"center center","background-size":"auto","background-attachment":"scroll","background-type":"","background-media":"","overlay-type":"","overlay-color":"","overlay-opacity":"","overlay-gradient":""}},"footnotes":""},"class_list":["post-8","page","type-page","status-publish","has-post-thumbnail","hentry"],"_links":{"self":[{"href":"https:\/\/www.cylumine.fr\/index.php\/wp-json\/wp\/v2\/pages\/8","targetHints":{"allow":["GET"]}}],"collection":[{"href":"https:\/\/www.cylumine.fr\/index.php\/wp-json\/wp\/v2\/pages"}],"about":[{"href":"https:\/\/www.cylumine.fr\/index.php\/wp-json\/wp\/v2\/types\/page"}],"author":[{"embeddable":true,"href":"https:\/\/www.cylumine.fr\/index.php\/wp-json\/wp\/v2\/users\/1"}],"replies":[{"embeddable":true,"href":"https:\/\/www.cylumine.fr\/index.php\/wp-json\/wp\/v2\/comments?post=8"}],"version-history":[{"count":7,"href":"https:\/\/www.cylumine.fr\/index.php\/wp-json\/wp\/v2\/pages\/8\/revisions"}],"predecessor-version":[{"id":627,"href":"https:\/\/www.cylumine.fr\/index.php\/wp-json\/wp\/v2\/pages\/8\/revisions\/627"}],"wp:featuredmedia":[{"embeddable":true,"href":"https:\/\/www.cylumine.fr\/index.php\/wp-json\/wp\/v2\/media\/579"}],"wp:attachment":[{"href":"https:\/\/www.cylumine.fr\/index.php\/wp-json\/wp\/v2\/media?parent=8"}],"curies":[{"name":"wp","href":"https:\/\/api.w.org\/{rel}","templated":true}]}}