{"id":9,"date":"2026-01-08T14:40:24","date_gmt":"2026-01-08T14:40:24","guid":{"rendered":"http:\/\/37.18.42.237:8080\/index.php\/les-travaux\/"},"modified":"2026-01-30T15:20:30","modified_gmt":"2026-01-30T15:20:30","slug":"les-travaux","status":"publish","type":"page","link":"https:\/\/www.cylumine.fr\/index.php\/les-travaux\/","title":{"rendered":"Les Travaux"},"content":{"rendered":"<div class=\"page-header\">\n<h2>Travaux<\/h2>\n<\/div>\n<div class=\"icons\">\n<div class=\"btn-group pull-right\"><\/div>\n<\/div>\n<div>\n<table border=\"0 !important\" cellspacing=\"0\" cellpadding=\"0\">\n<tbody>\n<tr>\n<td class=\"arial\" colspan=\"2\" valign=\"top\" height=\"54\">&nbsp;<\/p>\n<p>Un important dispositif d\u2019information<\/p>\n<p>Les interventions font l&rsquo;objet d&rsquo;un important effort d&rsquo;information. Une dizaine de jours avant chaque chantier, des tracts sont distribu\u00e9s dans les bo\u00eetes aux lettres des riverains concern\u00e9s. Dans la rue, des panneaux indiquent l\u2019objet du chantier.<\/p>\n<p>Le site internet de Cylumine et celui de la Communaut\u00e9 d&rsquo;agglom\u00e9ration diffusent \u00e9galement des informations sur le d\u00e9roulement des diff\u00e9rents chantiers. Enfin, pour toutes vos questions relatives aux travaux, une adresse mail est \u00e0 votre disposition :\u00a0<span id=\"cloak59520c74b944d8f0a0e51c319e685c6f\"><a href=\"mailto:contact@cylumine.fr\">contact@cylumine.fr<\/a><\/span><\/p>\n<p>Les panneaux d&rsquo;information<\/p>\n<p>&nbsp;<\/td>\n<\/tr>\n<tr>\n<td class=\"arial\" valign=\"top\" height=\"54\"><img loading=\"lazy\" decoding=\"async\" src=\"https:\/\/www.cylumine.fr\/img\/panneau_travaux1.jpg\" width=\"377\" height=\"561\" border=\"none\" \/><\/td>\n<td class=\"arial\" align=\"center\" valign=\"top\"><img loading=\"lazy\" decoding=\"async\" src=\"https:\/\/www.cylumine.fr\/img\/panneau_travaux2.jpg\" width=\"377\" height=\"561\" border=\"none\" \/><\/td>\n<\/tr>\n<tr>\n<td class=\"arial\" valign=\"top\" height=\"54\"><img loading=\"lazy\" decoding=\"async\" src=\"https:\/\/www.cylumine.fr\/img\/panneau_travaux3.jpg\" width=\"377\" height=\"561\" border=\"none\" \/><\/td>\n<td class=\"arial\" align=\"center\" valign=\"top\"><img loading=\"lazy\" decoding=\"async\" src=\"https:\/\/www.cylumine.fr\/img\/panneau_travaux4.jpg\" width=\"377\" height=\"561\" border=\"none\" \/><\/td>\n<\/tr>\n<tr>\n<td><\/td>\n<\/tr>\n<tr>\n<td class=\"arial\" valign=\"top\" height=\"54\">Mat\u00e9riels<\/p>\n<p>Dans la logique de notre SDAL, nous pr\u00e9sentons ci-contre les luminaires qui seront install\u00e9s par typologie de voie sur la Communaut\u00e9 d\u2019Agglom\u00e9ration de Cergy-Pontoise.<\/td>\n<td class=\"arial\" valign=\"top\" height=\"54\"><a href=\"https:\/\/www.cylumine.fr\/images\/matriceMateriel.png\"><img loading=\"lazy\" decoding=\"async\" src=\"https:\/\/www.cylumine.fr\/images\/matriceMateriel.png\" alt=\"\" width=\"392\" height=\"232\" border=\"none\" hspace=\"2\" \/><\/a><\/td>\n<\/tr>\n<tr>\n<td class=\"arial\" colspan=\"2\" valign=\"top\" height=\"54\">&nbsp;<\/p>\n<p>Des techniques innovantes<\/p>\n<p>Des techniques innovantes, comme la pratique de micro-tranch\u00e9es, seront utilis\u00e9es \u00e0 chaque fois que cela sera possible. Un camion \u00e9quip\u00e9 \u00e0 l&rsquo;avant d&rsquo;une grande roue creuse une tranch\u00e9e peu profonde dans laquelle on glisse le fourreau qui accueillera les c\u00e2bles. Au fur et \u00e0 mesure que le camion avance, la tranch\u00e9e est referm\u00e9e \u00e0 l&rsquo;arri\u00e8re. Cet \u00e9quipement permet de traiter 150 \u00e0 300 m\u00e8tres de tranch\u00e9e par jour, au lieu de 50 m\u00e8tres avec les techniques classiques. Il est aussi moins bruyant et g\u00e9n\u00e8re moins de d\u00e9chets.<\/td>\n<\/tr>\n<\/tbody>\n<\/table>\n<p>&nbsp;<\/p>\n<\/div>\n","protected":false},"excerpt":{"rendered":"<p>Travaux &nbsp; Un important dispositif d\u2019information Les interventions font l&rsquo;objet d&rsquo;un important effort d&rsquo;information. Une dizaine de jours avant chaque [&hellip;]<\/p>\n","protected":false},"author":1,"featured_media":577,"parent":0,"menu_order":0,"comment_status":"closed","ping_status":"closed","template":"","meta":{"site-sidebar-layout":"default","site-content-layout":"","ast-site-content-layout":"default","site-content-style":"default","site-sidebar-style":"default","ast-global-header-display":"","ast-banner-title-visibility":"","ast-main-header-display":"","ast-hfb-above-header-display":"","ast-hfb-below-header-display":"","ast-hfb-mobile-header-display":"","site-post-title":"","ast-breadcrumbs-content":"","ast-featured-img":"","footer-sml-layout":"","ast-disable-related-posts":"","theme-transparent-header-meta":"default","adv-header-id-meta":"","stick-header-meta":"","header-above-stick-meta":"","header-main-stick-meta":"","header-below-stick-meta":"","astra-migrate-meta-layouts":"set","ast-page-background-enabled":"default","ast-page-background-meta":{"desktop":{"background-color":"var(--ast-global-color-5)","background-image":"","background-repeat":"repeat","background-position":"center center","background-size":"auto","background-attachment":"scroll","background-type":"","background-media":"","overlay-type":"","overlay-color":"","overlay-opacity":"","overlay-gradient":""},"tablet":{"background-color":"","background-image":"","background-repeat":"repeat","background-position":"center center","background-size":"auto","background-attachment":"scroll","background-type":"","background-media":"","overlay-type":"","overlay-color":"","overlay-opacity":"","overlay-gradient":""},"mobile":{"background-color":"","background-image":"","background-repeat":"repeat","background-position":"center center","background-size":"auto","background-attachment":"scroll","background-type":"","background-media":"","overlay-type":"","overlay-color":"","overlay-opacity":"","overlay-gradient":""}},"ast-content-background-meta":{"desktop":{"background-color":"var(--ast-global-color-4)","background-image":"","background-repeat":"repeat","background-position":"center center","background-size":"auto","background-attachment":"scroll","background-type":"","background-media":"","overlay-type":"","overlay-color":"","overlay-opacity":"","overlay-gradient":""},"tablet":{"background-color":"var(--ast-global-color-4)","background-image":"","background-repeat":"repeat","background-position":"center center","background-size":"auto","background-attachment":"scroll","background-type":"","background-media":"","overlay-type":"","overlay-color":"","overlay-opacity":"","overlay-gradient":""},"mobile":{"background-color":"var(--ast-global-color-4)","background-image":"","background-repeat":"repeat","background-position":"center center","background-size":"auto","background-attachment":"scroll","background-type":"","background-media":"","overlay-type":"","overlay-color":"","overlay-opacity":"","overlay-gradient":""}},"footnotes":""},"class_list":["post-9","page","type-page","status-publish","has-post-thumbnail","hentry"],"_links":{"self":[{"href":"https:\/\/www.cylumine.fr\/index.php\/wp-json\/wp\/v2\/pages\/9","targetHints":{"allow":["GET"]}}],"collection":[{"href":"https:\/\/www.cylumine.fr\/index.php\/wp-json\/wp\/v2\/pages"}],"about":[{"href":"https:\/\/www.cylumine.fr\/index.php\/wp-json\/wp\/v2\/types\/page"}],"author":[{"embeddable":true,"href":"https:\/\/www.cylumine.fr\/index.php\/wp-json\/wp\/v2\/users\/1"}],"replies":[{"embeddable":true,"href":"https:\/\/www.cylumine.fr\/index.php\/wp-json\/wp\/v2\/comments?post=9"}],"version-history":[{"count":5,"href":"https:\/\/www.cylumine.fr\/index.php\/wp-json\/wp\/v2\/pages\/9\/revisions"}],"predecessor-version":[{"id":134,"href":"https:\/\/www.cylumine.fr\/index.php\/wp-json\/wp\/v2\/pages\/9\/revisions\/134"}],"wp:featuredmedia":[{"embeddable":true,"href":"https:\/\/www.cylumine.fr\/index.php\/wp-json\/wp\/v2\/media\/577"}],"wp:attachment":[{"href":"https:\/\/www.cylumine.fr\/index.php\/wp-json\/wp\/v2\/media?parent=9"}],"curies":[{"name":"wp","href":"https:\/\/api.w.org\/{rel}","templated":true}]}}